{"id":922,"date":"2023-01-17T16:04:29","date_gmt":"2023-01-17T17:04:29","guid":{"rendered":"https:\/\/igbce-bielefeld.de\/?page_id=922"},"modified":"2023-01-17T16:41:28","modified_gmt":"2023-01-17T17:41:28","slug":"jubilarehrung-2020-2021-2022","status":"publish","type":"page","link":"https:\/\/igbce-bielefeld.de\/?page_id=922","title":{"rendered":"Jubilarehrung 2020\/2021\/2022"},"content":{"rendered":"\t\t<div data-elementor-type=\"wp-page\" data-elementor-id=\"922\" class=\"elementor elementor-922\">\n\t\t\t\t\t\t<section class=\"elementor-section elementor-top-section elementor-element elementor-element-121f768 elementor-section-boxed elementor-section-height-default elementor-section-height-default\" data-id=\"121f768\" data-element_type=\"section\" data-e-type=\"section\">\n\t\t\t\t\t\t<div class=\"elementor-container elementor-column-gap-default\">\n\t\t\t\t\t<div class=\"elementor-column elementor-col-100 elementor-top-column elementor-element elementor-element-5c54cc6\" data-id=\"5c54cc6\" data-element_type=\"column\" data-e-type=\"column\">\n\t\t\t<div class=\"elementor-widget-wrap elementor-element-populated\">\n\t\t\t\t\t\t<div class=\"elementor-element elementor-element-24b72a0 elementor-widget elementor-widget-heading\" data-id=\"24b72a0\" data-element_type=\"widget\" data-e-type=\"widget\" data-widget_type=\"heading.default\">\n\t\t\t\t<div class=\"elementor-widget-container\">\n\t\t\t\t\t<h2 class=\"elementor-heading-title elementor-size-default\">Herzlichen Gl\u00fcckwunsch liebe Jubilare aus 2020, 2021 und 2022!<\/h2>\t\t\t\t<\/div>\n\t\t\t\t<\/div>\n\t\t\t\t\t<\/div>\n\t\t<\/div>\n\t\t\t\t\t<\/div>\n\t\t<\/section>\n\t\t\t\t<section class=\"elementor-section elementor-top-section elementor-element elementor-element-5bb5014 elementor-section-boxed elementor-section-height-default elementor-section-height-default\" data-id=\"5bb5014\" data-element_type=\"section\" data-e-type=\"section\">\n\t\t\t\t\t\t<div class=\"elementor-container elementor-column-gap-default\">\n\t\t\t\t\t<div class=\"elementor-column elementor-col-100 elementor-top-column elementor-element elementor-element-6a7d76b\" data-id=\"6a7d76b\" data-element_type=\"column\" data-e-type=\"column\">\n\t\t\t<div class=\"elementor-widget-wrap elementor-element-populated\">\n\t\t\t\t\t\t<div class=\"elementor-element elementor-element-96e8c3e elementor-widget elementor-widget-text-editor\" data-id=\"96e8c3e\" data-element_type=\"widget\" data-e-type=\"widget\" data-widget_type=\"text-editor.default\">\n\t\t\t\t<div class=\"elementor-widget-container\">\n\t\t\t\t\t\t\t\t\t<p>Da wir in den letzten Jahren keine Jubilarehrungen durchf\u00fchren konnten, haben wir 2022 die Ehrungen aus 2020 und 2021 nachgeholt.<\/p>\t\t\t\t\t\t\t\t<\/div>\n\t\t\t\t<\/div>\n\t\t\t\t\t<\/div>\n\t\t<\/div>\n\t\t\t\t\t<\/div>\n\t\t<\/section>\n\t\t\t\t<section class=\"elementor-section elementor-top-section elementor-element elementor-element-d1f8203 elementor-section-boxed elementor-section-height-default elementor-section-height-default\" data-id=\"d1f8203\" data-element_type=\"section\" data-e-type=\"section\">\n\t\t\t\t\t\t<div class=\"elementor-container elementor-column-gap-default\">\n\t\t\t\t\t<div class=\"elementor-column elementor-col-100 elementor-top-column elementor-element elementor-element-c13395e\" data-id=\"c13395e\" data-element_type=\"column\" data-e-type=\"column\">\n\t\t\t<div class=\"elementor-widget-wrap elementor-element-populated\">\n\t\t\t\t\t\t<div class=\"elementor-element elementor-element-8cb4044 elementor-widget elementor-widget-image\" data-id=\"8cb4044\" data-element_type=\"widget\" data-e-type=\"widget\" data-widget_type=\"image.default\">\n\t\t\t\t<div class=\"elementor-widget-container\">\n\t\t\t\t\t\t\t\t\t\t\t\t\t\t\t<img fetchpriority=\"high\" decoding=\"async\" width=\"525\" height=\"225\" src=\"https:\/\/igbce-bielefeld.de\/wp-content\/uploads\/2023\/01\/IG-Jubilare-Print-1-scaled-e1673974681810-1024x438.jpg\" class=\"attachment-large size-large wp-image-930\" alt=\"\" srcset=\"https:\/\/igbce-bielefeld.de\/wp-content\/uploads\/2023\/01\/IG-Jubilare-Print-1-scaled-e1673974681810-1024x438.jpg 1024w, https:\/\/igbce-bielefeld.de\/wp-content\/uploads\/2023\/01\/IG-Jubilare-Print-1-scaled-e1673974681810-1536x656.jpg 1536w, https:\/\/igbce-bielefeld.de\/wp-content\/uploads\/2023\/01\/IG-Jubilare-Print-1-scaled-e1673974681810-2048x875.jpg 2048w\" sizes=\"100vw\" \/>\t\t\t\t\t\t\t\t\t\t\t\t\t\t\t<\/div>\n\t\t\t\t<\/div>\n\t\t\t\t\t<\/div>\n\t\t<\/div>\n\t\t\t\t\t<\/div>\n\t\t<\/section>\n\t\t\t\t<section class=\"elementor-section elementor-top-section elementor-element elementor-element-12d740aa elementor-section-boxed elementor-section-height-default elementor-section-height-default\" data-id=\"12d740aa\" data-element_type=\"section\" data-e-type=\"section\">\n\t\t\t\t\t\t<div class=\"elementor-container elementor-column-gap-default\">\n\t\t\t\t\t<div class=\"elementor-column elementor-col-100 elementor-top-column elementor-element elementor-element-1fc6c0a8\" data-id=\"1fc6c0a8\" data-element_type=\"column\" data-e-type=\"column\">\n\t\t\t<div class=\"elementor-widget-wrap elementor-element-populated\">\n\t\t\t\t\t\t<div class=\"elementor-element elementor-element-77239151 elementor-widget elementor-widget-text-editor\" data-id=\"77239151\" data-element_type=\"widget\" data-e-type=\"widget\" data-widget_type=\"text-editor.default\">\n\t\t\t\t<div class=\"elementor-widget-container\">\n\t\t\t\t\t\t\t\t\t<p>In seiner Rede holte Bezirksleiter Frank Seeliger einige\u00a0 Highlights aus den Eintrittsjahren der Jubilare\u00a0 ins Ged\u00e4chtnis der Anwesenden. Bis ins Jahr 1952, in dem der gesch\u00e4tzte Kollege Reinhard Klausmeier sich seinerzeit entschloss, Mitglied unserer Vorg\u00e4ngergewerkschaft zu werden. Insgesamt ehrten wir Jubilare f\u00fcr 25- bis 70j\u00e4hrige Mitgliedschaft.<\/p>\t\t\t\t\t\t\t\t<\/div>\n\t\t\t\t<\/div>\n\t\t\t\t\t<\/div>\n\t\t<\/div>\n\t\t\t\t\t<\/div>\n\t\t<\/section>\n\t\t\t\t<section class=\"elementor-section elementor-top-section elementor-element elementor-element-740261e elementor-section-boxed elementor-section-height-default elementor-section-height-default\" data-id=\"740261e\" data-element_type=\"section\" data-e-type=\"section\">\n\t\t\t\t\t\t<div class=\"elementor-container elementor-column-gap-default\">\n\t\t\t\t\t<div class=\"elementor-column elementor-col-100 elementor-top-column elementor-element elementor-element-343ab6a\" data-id=\"343ab6a\" data-element_type=\"column\" data-e-type=\"column\">\n\t\t\t<div class=\"elementor-widget-wrap elementor-element-populated\">\n\t\t\t\t\t\t<div class=\"elementor-element elementor-element-95f8dda elementor-widget elementor-widget-image\" data-id=\"95f8dda\" data-element_type=\"widget\" data-e-type=\"widget\" data-widget_type=\"image.default\">\n\t\t\t\t<div class=\"elementor-widget-container\">\n\t\t\t\t\t\t\t\t\t\t\t\t\t\t\t<img decoding=\"async\" width=\"525\" height=\"226\" src=\"https:\/\/igbce-bielefeld.de\/wp-content\/uploads\/2022\/10\/Jubilare-web-19-e1673974242905.jpg\" class=\"attachment-large size-large wp-image-897\" alt=\"\" srcset=\"https:\/\/igbce-bielefeld.de\/wp-content\/uploads\/2022\/10\/Jubilare-web-19-e1673974242905.jpg 900w, https:\/\/igbce-bielefeld.de\/wp-content\/uploads\/2022\/10\/Jubilare-web-19-e1673974242905-300x129.jpg 300w, https:\/\/igbce-bielefeld.de\/wp-content\/uploads\/2022\/10\/Jubilare-web-19-e1673974242905-768x330.jpg 768w\" sizes=\"100vw\" \/>\t\t\t\t\t\t\t\t\t\t\t\t\t\t\t<\/div>\n\t\t\t\t<\/div>\n\t\t\t\t\t<\/div>\n\t\t<\/div>\n\t\t\t\t\t<\/div>\n\t\t<\/section>\n\t\t\t\t<section class=\"elementor-section elementor-top-section elementor-element elementor-element-5d8631c elementor-section-boxed elementor-section-height-default elementor-section-height-default\" data-id=\"5d8631c\" data-element_type=\"section\" data-e-type=\"section\">\n\t\t\t\t\t\t<div class=\"elementor-container elementor-column-gap-default\">\n\t\t\t\t\t<div class=\"elementor-column elementor-col-100 elementor-top-column elementor-element elementor-element-7e71b44\" data-id=\"7e71b44\" data-element_type=\"column\" data-e-type=\"column\">\n\t\t\t<div class=\"elementor-widget-wrap elementor-element-populated\">\n\t\t\t\t\t\t<div class=\"elementor-element elementor-element-898f81d elementor-widget elementor-widget-text-editor\" data-id=\"898f81d\" data-element_type=\"widget\" data-e-type=\"widget\" data-widget_type=\"text-editor.default\">\n\t\t\t\t<div class=\"elementor-widget-container\">\n\t\t\t\t\t\t\t\t\t<p>Ein Bericht \u00fcber die Veranstaltung erschien in der Neuen Westf\u00e4lischen. Wir w\u00fcnschen allen Jubilaren das Allerbeste und bedanken uns f\u00fcr ihre Unterst\u00fctzung und Treue!<\/p>\t\t\t\t\t\t\t\t<\/div>\n\t\t\t\t<\/div>\n\t\t\t\t\t<\/div>\n\t\t<\/div>\n\t\t\t\t\t<\/div>\n\t\t<\/section>\n\t\t\t\t<\/div>\n\t\t","protected":false},"excerpt":{"rendered":"<p>Herzlichen Gl\u00fcckwunsch liebe Jubilare aus 2020, 2021 und 2022! Da wir in den letzten Jahren keine Jubilarehrungen durchf\u00fchren konnten, haben wir 2022 die Ehrungen aus 2020 und 2021 nachgeholt. In &hellip; <\/p>\n<p class=\"link-more\"><a href=\"https:\/\/igbce-bielefeld.de\/?page_id=922\" class=\"more-link\"><span class=\"screen-reader-text\">\u201eJubilarehrung 2020\/2021\/2022\u201c<\/span> weiterlesen<\/a><\/p>\n","protected":false},"author":4,"featured_media":0,"parent":65,"menu_order":0,"comment_status":"closed","ping_status":"closed","template":"","meta":{"footnotes":""},"class_list":["post-922","page","type-page","status-publish","hentry"],"_links":{"self":[{"href":"https:\/\/igbce-bielefeld.de\/index.php?rest_route=\/wp\/v2\/pages\/922","targetHints":{"allow":["GET"]}}],"collection":[{"href":"https:\/\/igbce-bielefeld.de\/index.php?rest_route=\/wp\/v2\/pages"}],"about":[{"href":"https:\/\/igbce-bielefeld.de\/index.php?rest_route=\/wp\/v2\/types\/page"}],"author":[{"embeddable":true,"href":"https:\/\/igbce-bielefeld.de\/index.php?rest_route=\/wp\/v2\/users\/4"}],"replies":[{"embeddable":true,"href":"https:\/\/igbce-bielefeld.de\/index.php?rest_route=%2Fwp%2Fv2%2Fcomments&post=922"}],"version-history":[{"count":31,"href":"https:\/\/igbce-bielefeld.de\/index.php?rest_route=\/wp\/v2\/pages\/922\/revisions"}],"predecessor-version":[{"id":977,"href":"https:\/\/igbce-bielefeld.de\/index.php?rest_route=\/wp\/v2\/pages\/922\/revisions\/977"}],"up":[{"embeddable":true,"href":"https:\/\/igbce-bielefeld.de\/index.php?rest_route=\/wp\/v2\/pages\/65"}],"wp:attachment":[{"href":"https:\/\/igbce-bielefeld.de\/index.php?rest_route=%2Fwp%2Fv2%2Fmedia&parent=922"}],"curies":[{"name":"wp","href":"https:\/\/api.w.org\/{rel}","templated":true}]}}