{"id":59,"date":"2019-09-18T14:51:55","date_gmt":"2019-09-18T15:51:55","guid":{"rendered":"http:\/\/igbce-bielefeld.de\/?page_id=59"},"modified":"2025-04-14T10:32:41","modified_gmt":"2025-04-14T11:32:41","slug":"wer-wir-sind","status":"publish","type":"page","link":"https:\/\/igbce-bielefeld.de\/?page_id=59","title":{"rendered":"Wir"},"content":{"rendered":"\t\t<div data-elementor-type=\"wp-page\" data-elementor-id=\"59\" class=\"elementor elementor-59\">\n\t\t\t\t\t\t<section class=\"elementor-section elementor-top-section elementor-element elementor-element-dfb84b9 elementor-section-boxed elementor-section-height-default elementor-section-height-default elementor-invisible\" data-id=\"dfb84b9\" data-element_type=\"section\" data-e-type=\"section\" data-settings=\"{&quot;animation&quot;:&quot;fadeInUp&quot;}\">\n\t\t\t\t\t\t<div class=\"elementor-container elementor-column-gap-default\">\n\t\t\t\t\t<div class=\"elementor-column elementor-col-100 elementor-top-column elementor-element elementor-element-a64eb84\" data-id=\"a64eb84\" data-element_type=\"column\" data-e-type=\"column\">\n\t\t\t<div class=\"elementor-widget-wrap elementor-element-populated\">\n\t\t\t\t\t\t<div class=\"elementor-element elementor-element-9b06815 elementor-widget elementor-widget-heading\" data-id=\"9b06815\" data-element_type=\"widget\" data-e-type=\"widget\" data-widget_type=\"heading.default\">\n\t\t\t\t<div class=\"elementor-widget-container\">\n\t\t\t\t\t<h2 class=\"elementor-heading-title elementor-size-default\">Wir sind Gewerkschafter!<\/h2>\t\t\t\t<\/div>\n\t\t\t\t<\/div>\n\t\t\t\t\t<\/div>\n\t\t<\/div>\n\t\t\t\t\t<\/div>\n\t\t<\/section>\n\t\t\t\t<section class=\"elementor-section elementor-top-section elementor-element elementor-element-55e3998 elementor-section-boxed elementor-section-height-default elementor-section-height-default elementor-invisible\" data-id=\"55e3998\" data-element_type=\"section\" data-e-type=\"section\" data-settings=\"{&quot;animation&quot;:&quot;fadeInUp&quot;,&quot;animation_delay&quot;:500}\">\n\t\t\t\t\t\t<div class=\"elementor-container elementor-column-gap-default\">\n\t\t\t\t\t<div class=\"elementor-column elementor-col-100 elementor-top-column elementor-element elementor-element-707d8d9\" data-id=\"707d8d9\" data-element_type=\"column\" data-e-type=\"column\">\n\t\t\t<div class=\"elementor-widget-wrap elementor-element-populated\">\n\t\t\t\t\t\t<div class=\"elementor-element elementor-element-5090f5e elementor-widget elementor-widget-text-editor\" data-id=\"5090f5e\" data-element_type=\"widget\" data-e-type=\"widget\" data-widget_type=\"text-editor.default\">\n\t\t\t\t<div class=\"elementor-widget-container\">\n\t\t\t\t\t\t\t\t\t<p><b>Industrie.<\/b>\u00a0<br \/><span style=\"font-size: 1rem;\">Die Gewerkschaften organisieren die Interessenvertretung der Arbeitnehmer in Industriebetrieben. Gew\u00e4hlte Vertrauensleute sind als Ansprechpartner f\u00fcr unsere Mitglieder vor Ort. Im Rahmen von Tarifvertr\u00e4gen\u00a0 sorgen die Gewerkschaften f\u00fcr faire Entlohnung und akzeptable Arbeitsbedingungen.<\/span><\/p>\t\t\t\t\t\t\t\t<\/div>\n\t\t\t\t<\/div>\n\t\t\t\t\t<\/div>\n\t\t<\/div>\n\t\t\t\t\t<\/div>\n\t\t<\/section>\n\t\t\t\t<section class=\"elementor-section elementor-top-section elementor-element elementor-element-cbaf54c elementor-section-boxed elementor-section-height-default elementor-section-height-default elementor-invisible\" data-id=\"cbaf54c\" data-element_type=\"section\" data-e-type=\"section\" data-settings=\"{&quot;animation&quot;:&quot;fadeInUp&quot;,&quot;animation_delay&quot;:500}\">\n\t\t\t\t\t\t<div class=\"elementor-container elementor-column-gap-default\">\n\t\t\t\t\t<div class=\"elementor-column elementor-col-100 elementor-top-column elementor-element elementor-element-a5e627e\" data-id=\"a5e627e\" data-element_type=\"column\" data-e-type=\"column\">\n\t\t\t<div class=\"elementor-widget-wrap elementor-element-populated\">\n\t\t\t\t\t\t<div class=\"elementor-element elementor-element-18c9e60 elementor-widget elementor-widget-text-editor\" data-id=\"18c9e60\" data-element_type=\"widget\" data-e-type=\"widget\" data-settings=\"{&quot;_animation&quot;:&quot;none&quot;}\" data-widget_type=\"text-editor.default\">\n\t\t\t\t<div class=\"elementor-widget-container\">\n\t\t\t\t\t\t\t\t\t<p><b>Gewerkschaft.<br \/><\/b>Nur die Gewerkschaften d\u00fcrfen Tarifvertr\u00e4ge mit den Arbeitgeberverb\u00e4nden aushandeln &#8211; das verlangt die in Deutschland geltende Tarifautonomie.<\/p>\t\t\t\t\t\t\t\t<\/div>\n\t\t\t\t<\/div>\n\t\t\t\t\t<\/div>\n\t\t<\/div>\n\t\t\t\t\t<\/div>\n\t\t<\/section>\n\t\t\t\t<section class=\"elementor-section elementor-top-section elementor-element elementor-element-e9f9e9f elementor-section-boxed elementor-section-height-default elementor-section-height-default elementor-invisible\" data-id=\"e9f9e9f\" data-element_type=\"section\" data-e-type=\"section\" data-settings=\"{&quot;animation&quot;:&quot;fadeInUp&quot;,&quot;animation_delay&quot;:500}\">\n\t\t\t\t\t\t<div class=\"elementor-container elementor-column-gap-default\">\n\t\t\t\t\t<div class=\"elementor-column elementor-col-100 elementor-top-column elementor-element elementor-element-f85cc42\" data-id=\"f85cc42\" data-element_type=\"column\" data-e-type=\"column\">\n\t\t\t<div class=\"elementor-widget-wrap elementor-element-populated\">\n\t\t\t\t\t\t<div class=\"elementor-element elementor-element-b669cc2 elementor-widget elementor-widget-text-editor\" data-id=\"b669cc2\" data-element_type=\"widget\" data-e-type=\"widget\" data-widget_type=\"text-editor.default\">\n\t\t\t\t<div class=\"elementor-widget-container\">\n\t\t\t\t\t\t\t\t\t<p><b>Bergbau. Chemie. Energie.<\/b>\u00a0<br \/>Unsere Mitglieder arbeiten in Industriebetrieben der chemischen- und Pharma-Industrie, der Kunststoff- und Lederindustrie, sowie der Papierindustrie in Bielefeld und Umgebung.<\/p>\t\t\t\t\t\t\t\t<\/div>\n\t\t\t\t<\/div>\n\t\t\t\t\t<\/div>\n\t\t<\/div>\n\t\t\t\t\t<\/div>\n\t\t<\/section>\n\t\t\t\t<section class=\"elementor-section elementor-top-section elementor-element elementor-element-4e11bfa elementor-section-boxed elementor-section-height-default elementor-section-height-default elementor-invisible\" data-id=\"4e11bfa\" data-element_type=\"section\" data-e-type=\"section\" data-settings=\"{&quot;animation&quot;:&quot;fadeInUp&quot;,&quot;animation_delay&quot;:500}\">\n\t\t\t\t\t\t<div class=\"elementor-container elementor-column-gap-default\">\n\t\t\t\t\t<div class=\"elementor-column elementor-col-100 elementor-top-column elementor-element elementor-element-1fc3ce9\" data-id=\"1fc3ce9\" data-element_type=\"column\" data-e-type=\"column\">\n\t\t\t<div class=\"elementor-widget-wrap elementor-element-populated\">\n\t\t\t\t\t\t<div class=\"elementor-element elementor-element-d2f9b0f elementor-widget elementor-widget-text-editor\" data-id=\"d2f9b0f\" data-element_type=\"widget\" data-e-type=\"widget\" data-widget_type=\"text-editor.default\">\n\t\t\t\t<div class=\"elementor-widget-container\">\n\t\t\t\t\t\t\t\t\t<p><b>Ortsgruppe.<\/b>\u00a0<br \/>Die IGBCE ist bundesweit in Bezirke aufgeteilt. Die Bezirke teilen sich in Ortsgruppen.\u00a0<\/p>\t\t\t\t\t\t\t\t<\/div>\n\t\t\t\t<\/div>\n\t\t\t\t\t<\/div>\n\t\t<\/div>\n\t\t\t\t\t<\/div>\n\t\t<\/section>\n\t\t\t\t<section class=\"elementor-section elementor-top-section elementor-element elementor-element-53e1b88 elementor-section-boxed elementor-section-height-default elementor-section-height-default elementor-invisible\" data-id=\"53e1b88\" data-element_type=\"section\" data-e-type=\"section\" data-settings=\"{&quot;animation&quot;:&quot;fadeInUp&quot;,&quot;animation_delay&quot;:500}\">\n\t\t\t\t\t\t<div class=\"elementor-container elementor-column-gap-default\">\n\t\t\t\t\t<div class=\"elementor-column elementor-col-100 elementor-top-column elementor-element elementor-element-8937581\" data-id=\"8937581\" data-element_type=\"column\" data-e-type=\"column\">\n\t\t\t<div class=\"elementor-widget-wrap elementor-element-populated\">\n\t\t\t\t\t\t<div class=\"elementor-element elementor-element-399a7e8 elementor-widget elementor-widget-text-editor\" data-id=\"399a7e8\" data-element_type=\"widget\" data-e-type=\"widget\" data-widget_type=\"text-editor.default\">\n\t\t\t\t<div class=\"elementor-widget-container\">\n\t\t\t\t\t\t\t\t\t<p><b>Bielefeld.<\/b>\u00a0<br \/>Im Bezirk Nordwestfalen sind wir die Ortsgruppe Bielefeld. Die Ortsgruppe repr\u00e4sentiert unsere Organisation in der \u00d6ffentlichkeit &#8211; Gemeinsam arbeiten wir an einer starken Lobby f\u00fcr unsere Mitglieder speziell in der Region. <b><a title=\"Mitglied werden\" href=\"https:\/\/www.igbce.de\/beitrittsformular\">Mitglied werden!<\/a> <\/b>Einzelne erreichen nichts. Wer nur an sich denkt, steht am Ende alleine da. Du brauchst uns &#8211; wir brauchen dich. Solidarit\u00e4t ist unsere St\u00e4rke &#8211; werde ein Teil von uns. \u00dcbrigens: Organisation lebt von Kommunikation. Egal ob Betriebrat, Vertrauensleute oder stimmberechtigtes Mitglied: Meldet euch beim Ortsgruppen- <a href=\"mailto:vorstand@ortsgruppe-bielefeld-igbce.de\"><strong>Emailverteiler<\/strong><\/a> an!<\/p>\t\t\t\t\t\t\t\t<\/div>\n\t\t\t\t<\/div>\n\t\t\t\t\t<\/div>\n\t\t<\/div>\n\t\t\t\t\t<\/div>\n\t\t<\/section>\n\t\t\t\t<section class=\"elementor-section elementor-top-section elementor-element elementor-element-46842fe elementor-section-boxed elementor-section-height-default elementor-section-height-default elementor-invisible\" data-id=\"46842fe\" data-element_type=\"section\" data-e-type=\"section\" data-settings=\"{&quot;animation&quot;:&quot;fadeInUp&quot;,&quot;animation_delay&quot;:500}\">\n\t\t\t\t\t\t<div class=\"elementor-container elementor-column-gap-default\">\n\t\t\t\t\t<div class=\"elementor-column elementor-col-100 elementor-top-column elementor-element elementor-element-4713c22\" data-id=\"4713c22\" data-element_type=\"column\" data-e-type=\"column\">\n\t\t\t<div class=\"elementor-widget-wrap elementor-element-populated\">\n\t\t\t\t\t\t<div class=\"elementor-element elementor-element-ed016a0 elementor-widget elementor-widget-text-editor\" data-id=\"ed016a0\" data-element_type=\"widget\" data-e-type=\"widget\" data-widget_type=\"text-editor.default\">\n\t\t\t\t<div class=\"elementor-widget-container\">\n\t\t\t\t\t\t\t\t\t<p>Unser Vorstand tagt <b>jeden ersten Montag im Monat<\/b> &#8211; und jedes Mitglied kann an den Vorstandssitzungen teilnehmen. Wenn ihr eine Anregung habt oder euch f\u00fcr etwas einsetzen wollt; wenn ihr \u00fcberhaupt in der IGBCE aktiv werden wollt oder den Vorstand einfach kennen lernen wollt:\u00a0<\/p><p><b>Tagungsort ist das Verdihaus<\/b>, in dem auch das IGBCE-B\u00fcro liegt. In der Regel <b>beginnt die Sitzung um 17:00 Uhr<\/b>. Wir bitten nur um vorherige Anmeldung \u00fcber ein Vorstandsmitglied oder per Email.<\/p>\t\t\t\t\t\t\t\t<\/div>\n\t\t\t\t<\/div>\n\t\t\t\t\t<\/div>\n\t\t<\/div>\n\t\t\t\t\t<\/div>\n\t\t<\/section>\n\t\t\t\t<\/div>\n\t\t","protected":false},"excerpt":{"rendered":"<p>Wir sind Gewerkschafter! Industrie. Die Gewerkschaften organisieren die Interessenvertretung der Arbeitnehmer in Industriebetrieben. Gew\u00e4hlte Vertrauensleute sind als Ansprechpartner f\u00fcr unsere Mitglieder vor Ort. Im Rahmen von Tarifvertr\u00e4gen\u00a0 sorgen die Gewerkschaften &hellip; <\/p>\n<p class=\"link-more\"><a href=\"https:\/\/igbce-bielefeld.de\/?page_id=59\" class=\"more-link\"><span class=\"screen-reader-text\">\u201eWir\u201c<\/span> weiterlesen<\/a><\/p>\n","protected":false},"author":2,"featured_media":0,"parent":0,"menu_order":0,"comment_status":"closed","ping_status":"closed","template":"","meta":{"footnotes":""},"class_list":["post-59","page","type-page","status-publish","hentry"],"_links":{"self":[{"href":"https:\/\/igbce-bielefeld.de\/index.php?rest_route=\/wp\/v2\/pages\/59","targetHints":{"allow":["GET"]}}],"collection":[{"href":"https:\/\/igbce-bielefeld.de\/index.php?rest_route=\/wp\/v2\/pages"}],"about":[{"href":"https:\/\/igbce-bielefeld.de\/index.php?rest_route=\/wp\/v2\/types\/page"}],"author":[{"embeddable":true,"href":"https:\/\/igbce-bielefeld.de\/index.php?rest_route=\/wp\/v2\/users\/2"}],"replies":[{"embeddable":true,"href":"https:\/\/igbce-bielefeld.de\/index.php?rest_route=%2Fwp%2Fv2%2Fcomments&post=59"}],"version-history":[{"count":33,"href":"https:\/\/igbce-bielefeld.de\/index.php?rest_route=\/wp\/v2\/pages\/59\/revisions"}],"predecessor-version":[{"id":1471,"href":"https:\/\/igbce-bielefeld.de\/index.php?rest_route=\/wp\/v2\/pages\/59\/revisions\/1471"}],"wp:attachment":[{"href":"https:\/\/igbce-bielefeld.de\/index.php?rest_route=%2Fwp%2Fv2%2Fmedia&parent=59"}],"curies":[{"name":"wp","href":"https:\/\/api.w.org\/{rel}","templated":true}]}}