{"id":363,"date":"2020-02-11T17:03:10","date_gmt":"2020-02-11T18:03:10","guid":{"rendered":"https:\/\/igbce-bielefeld.de\/?page_id=363"},"modified":"2020-02-11T17:07:06","modified_gmt":"2020-02-11T18:07:06","slug":"ag-oeffentlichkeitsarbeit","status":"publish","type":"page","link":"https:\/\/igbce-bielefeld.de\/?page_id=363","title":{"rendered":"AG \u00d6ffentlichkeitsarbeit"},"content":{"rendered":"\t\t<div data-elementor-type=\"wp-page\" data-elementor-id=\"363\" class=\"elementor elementor-363\">\n\t\t\t\t\t\t<section class=\"elementor-section elementor-top-section elementor-element elementor-element-440e497 elementor-section-boxed elementor-section-height-default elementor-section-height-default elementor-invisible\" data-id=\"440e497\" data-element_type=\"section\" data-e-type=\"section\" data-settings=\"{&quot;animation&quot;:&quot;fadeInUp&quot;,&quot;animation_delay&quot;:500}\">\n\t\t\t\t\t\t<div class=\"elementor-container elementor-column-gap-default\">\n\t\t\t\t\t<div class=\"elementor-column elementor-col-100 elementor-top-column elementor-element elementor-element-7011664\" data-id=\"7011664\" data-element_type=\"column\" data-e-type=\"column\">\n\t\t\t<div class=\"elementor-widget-wrap elementor-element-populated\">\n\t\t\t\t\t\t<div class=\"elementor-element elementor-element-e76333e elementor-widget elementor-widget-text-editor\" data-id=\"e76333e\" data-element_type=\"widget\" data-e-type=\"widget\" data-widget_type=\"text-editor.default\">\n\t\t\t\t<div class=\"elementor-widget-container\">\n\t\t\t\t\t\t\t\t\t<h2>Arbeitsgruppe \u00d6ffentlichkeitsarbeit<\/h2><p>\u00d6ffentlichkeitsarbeit ist unverzichtbar, denn wenn uns niemand wahrnimmt, wird es schwer, sich f\u00fcr unsere Mitglieder stark zu machen. Nicht nur eine rege Beziehung zu Presse und Rundfunk ist angezeigt &#8211; das Internet ist inzwischen ein gro\u00dfer Schwerpunkt in der \u00f6ffentlichen Wahrnehmung. Aber die Arbeit macht sich nicht alleine &#8211; diese Gruppe ist sehr arbeitsintensiv.<\/p>\t\t\t\t\t\t\t\t<\/div>\n\t\t\t\t<\/div>\n\t\t\t\t\t<\/div>\n\t\t<\/div>\n\t\t\t\t\t<\/div>\n\t\t<\/section>\n\t\t\t\t<section class=\"elementor-section elementor-top-section elementor-element elementor-element-cc9452e elementor-section-boxed elementor-section-height-default elementor-section-height-default\" data-id=\"cc9452e\" data-element_type=\"section\" data-e-type=\"section\">\n\t\t\t\t\t\t<div class=\"elementor-container elementor-column-gap-default\">\n\t\t\t\t\t<div class=\"elementor-column elementor-col-100 elementor-top-column elementor-element elementor-element-e42804b\" data-id=\"e42804b\" data-element_type=\"column\" data-e-type=\"column\">\n\t\t\t<div class=\"elementor-widget-wrap elementor-element-populated\">\n\t\t\t\t\t\t<div class=\"elementor-element elementor-element-49417d1 elementor-widget elementor-widget-image\" data-id=\"49417d1\" data-element_type=\"widget\" data-e-type=\"widget\" data-widget_type=\"image.default\">\n\t\t\t\t<div class=\"elementor-widget-container\">\n\t\t\t\t\t\t\t\t\t\t\t\t\t\t\t<img fetchpriority=\"high\" decoding=\"async\" width=\"525\" height=\"295\" src=\"https:\/\/igbce-bielefeld.de\/wp-content\/uploads\/2019\/09\/proxy.duckduckgo.com5_.jpeg\" class=\"attachment-large size-large wp-image-8\" alt=\"\" srcset=\"https:\/\/igbce-bielefeld.de\/wp-content\/uploads\/2019\/09\/proxy.duckduckgo.com5_.jpeg 640w, https:\/\/igbce-bielefeld.de\/wp-content\/uploads\/2019\/09\/proxy.duckduckgo.com5_-300x169.jpeg 300w\" sizes=\"100vw\" \/>\t\t\t\t\t\t\t\t\t\t\t\t\t\t\t<\/div>\n\t\t\t\t<\/div>\n\t\t\t\t\t<\/div>\n\t\t<\/div>\n\t\t\t\t\t<\/div>\n\t\t<\/section>\n\t\t\t\t<\/div>\n\t\t","protected":false},"excerpt":{"rendered":"<p>Arbeitsgruppe \u00d6ffentlichkeitsarbeit \u00d6ffentlichkeitsarbeit ist unverzichtbar, denn wenn uns niemand wahrnimmt, wird es schwer, sich f\u00fcr unsere Mitglieder stark zu machen. Nicht nur eine rege Beziehung zu Presse und Rundfunk ist &hellip; <\/p>\n<p class=\"link-more\"><a href=\"https:\/\/igbce-bielefeld.de\/?page_id=363\" class=\"more-link\"><span class=\"screen-reader-text\">\u201eAG \u00d6ffentlichkeitsarbeit\u201c<\/span> weiterlesen<\/a><\/p>\n","protected":false},"author":2,"featured_media":0,"parent":0,"menu_order":0,"comment_status":"closed","ping_status":"closed","template":"","meta":{"footnotes":""},"class_list":["post-363","page","type-page","status-publish","hentry"],"_links":{"self":[{"href":"https:\/\/igbce-bielefeld.de\/index.php?rest_route=\/wp\/v2\/pages\/363","targetHints":{"allow":["GET"]}}],"collection":[{"href":"https:\/\/igbce-bielefeld.de\/index.php?rest_route=\/wp\/v2\/pages"}],"about":[{"href":"https:\/\/igbce-bielefeld.de\/index.php?rest_route=\/wp\/v2\/types\/page"}],"author":[{"embeddable":true,"href":"https:\/\/igbce-bielefeld.de\/index.php?rest_route=\/wp\/v2\/users\/2"}],"replies":[{"embeddable":true,"href":"https:\/\/igbce-bielefeld.de\/index.php?rest_route=%2Fwp%2Fv2%2Fcomments&post=363"}],"version-history":[{"count":3,"href":"https:\/\/igbce-bielefeld.de\/index.php?rest_route=\/wp\/v2\/pages\/363\/revisions"}],"predecessor-version":[{"id":368,"href":"https:\/\/igbce-bielefeld.de\/index.php?rest_route=\/wp\/v2\/pages\/363\/revisions\/368"}],"wp:attachment":[{"href":"https:\/\/igbce-bielefeld.de\/index.php?rest_route=%2Fwp%2Fv2%2Fmedia&parent=363"}],"curies":[{"name":"wp","href":"https:\/\/api.w.org\/{rel}","templated":true}]}}