{"id":1505,"date":"2025-04-21T08:18:08","date_gmt":"2025-04-21T09:18:08","guid":{"rendered":"https:\/\/igbce-bielefeld.de\/?page_id=1505"},"modified":"2025-04-21T08:28:56","modified_gmt":"2025-04-21T09:28:56","slug":"seniorenfahrt-nach-bochum-waltrup","status":"publish","type":"page","link":"https:\/\/igbce-bielefeld.de\/?page_id=1505","title":{"rendered":"Seniorenfahrt nach Bochum-Waltrop"},"content":{"rendered":"\t\t<div data-elementor-type=\"wp-page\" data-elementor-id=\"1505\" class=\"elementor elementor-1505\">\n\t\t\t\t\t\t<section class=\"elementor-section elementor-top-section elementor-element elementor-element-921e6a6 elementor-section-boxed elementor-section-height-default elementor-section-height-default\" data-id=\"921e6a6\" data-element_type=\"section\" data-e-type=\"section\">\n\t\t\t\t\t\t<div class=\"elementor-container elementor-column-gap-default\">\n\t\t\t\t\t<div class=\"elementor-column elementor-col-100 elementor-top-column elementor-element elementor-element-a4f8a59\" data-id=\"a4f8a59\" data-element_type=\"column\" data-e-type=\"column\">\n\t\t\t<div class=\"elementor-widget-wrap elementor-element-populated\">\n\t\t\t\t\t\t<div class=\"elementor-element elementor-element-fbec217 elementor-widget elementor-widget-heading\" data-id=\"fbec217\" data-element_type=\"widget\" data-e-type=\"widget\" data-widget_type=\"heading.default\">\n\t\t\t\t<div class=\"elementor-widget-container\">\n\t\t\t\t\t<h2 class=\"elementor-heading-title elementor-size-default\">Seniorenfahrt nach Bochum-Waltrop ein<\/h2>\t\t\t\t<\/div>\n\t\t\t\t<\/div>\n\t\t\t\t<div class=\"elementor-element elementor-element-c7c41df elementor-widget elementor-widget-image\" data-id=\"c7c41df\" data-element_type=\"widget\" data-e-type=\"widget\" data-widget_type=\"image.default\">\n\t\t\t\t<div class=\"elementor-widget-container\">\n\t\t\t\t\t\t\t\t\t\t\t\t\t\t\t<img decoding=\"async\" src=\"https:\/\/encrypted-tbn0.gstatic.com\/images?q=tbn:ANd9GcRslDMa4LZhr-r1gV-iNRfZUlB-nuOanma3sQ&#038;s\" title=\"\" alt=\"\" loading=\"lazy\" \/>\t\t\t\t\t\t\t\t\t\t\t\t\t\t\t<\/div>\n\t\t\t\t<\/div>\n\t\t\t\t<div class=\"elementor-element elementor-element-8537fda elementor-widget elementor-widget-text-editor\" data-id=\"8537fda\" data-element_type=\"widget\" data-e-type=\"widget\" data-widget_type=\"text-editor.default\">\n\t\t\t\t<div class=\"elementor-widget-container\">\n\t\t\t\t\t\t\t\t\t<p>Liebe Kolleginnen, liebe Kollegen,<\/p><p>die Ortsgruppe Bielefeld IG BCE veranstaltet am 29.06.2025 einen Tagesausflug f\u00fcr Senioren nach Bochum Waltrup. mit Besichtigung des Bergbaumuseum Bochum und ca. 3-st\u00fcndigen Aufenthalt am Schiffshebewerk Henrichenburg.<\/p><p>Die Eigenbeteiligung f\u00fcr IGBCE Mitglieder betr\u00e4gt 30 Euro. F\u00fcr Nicht Mitglieder 85 Euro.<\/p><p><br \/>Im Preis enthalten:<\/p><p>Busfahrt im modernen Reisebus, Eintritt ins Bergbaumuseum, Mittagessen bei den \u201eKumpels\u201c \u2013 s. Link unten!<br \/>Folgende Einstiegm\u00f6glichkeiten gibt es. Abfahrt: Schloss Holte, Bahnhof: 07: 00 Uhr, Bielefeld: Sieker Endstation: 07: 30 Uhr, Quelle: Bushaltestelle Edeka: 07: 50 Uhr.<\/p><p><br \/><strong>Wir bitten um Anmeldung bis zum 29.05.2025, mit Angabe des Zustieg und Angabe der Men\u00fcauswahl.<\/strong><\/p><p>Anmeldungen bei Hubertus Otte, Tel. Nr. 0521 429323 (AB) oder per E-Mail: vorstand@igbce-bielefeld.de.<\/p><p>Die Eigenbeteiligung ist zu \u00fcberweisen an: Wittler Bus Touristik, Volksbank Rietberg, IBAN: DE 74 4786 2447 8620 0563 01, BIC: GENODEM1RNE, Verwendungszweck: OG-Bielefeld IG BCE-Bochum-Waltrup.<\/p><p><br \/>Wir freuen uns \u00fcber jede Anmeldung.<\/p><p><br \/><strong><span style=\"text-decoration: underline;\"><a href=\"https:\/\/igbce-bielefeld.de\/?attachment_id=1487\" rel=\"attachment wp-att-1487\">Das Men\u00fc findet ihr hier!<\/a><\/span><\/strong><\/p><p>\u00a0<br \/>\u00a0<\/p>\t\t\t\t\t\t\t\t<\/div>\n\t\t\t\t<\/div>\n\t\t\t\t\t<\/div>\n\t\t<\/div>\n\t\t\t\t\t<\/div>\n\t\t<\/section>\n\t\t\t\t<\/div>\n\t\t","protected":false},"excerpt":{"rendered":"<p>Seniorenfahrt nach Bochum-Waltrop ein Liebe Kolleginnen, liebe Kollegen, die Ortsgruppe Bielefeld IG BCE veranstaltet am 29.06.2025 einen Tagesausflug f\u00fcr Senioren nach Bochum Waltrup. mit Besichtigung des Bergbaumuseum Bochum und ca. &hellip; <\/p>\n<p class=\"link-more\"><a href=\"https:\/\/igbce-bielefeld.de\/?page_id=1505\" class=\"more-link\"><span class=\"screen-reader-text\">\u201eSeniorenfahrt nach Bochum-Waltrop\u201c<\/span> weiterlesen<\/a><\/p>\n","protected":false},"author":5,"featured_media":0,"parent":0,"menu_order":0,"comment_status":"closed","ping_status":"closed","template":"","meta":{"footnotes":""},"class_list":["post-1505","page","type-page","status-publish","hentry"],"_links":{"self":[{"href":"https:\/\/igbce-bielefeld.de\/index.php?rest_route=\/wp\/v2\/pages\/1505","targetHints":{"allow":["GET"]}}],"collection":[{"href":"https:\/\/igbce-bielefeld.de\/index.php?rest_route=\/wp\/v2\/pages"}],"about":[{"href":"https:\/\/igbce-bielefeld.de\/index.php?rest_route=\/wp\/v2\/types\/page"}],"author":[{"embeddable":true,"href":"https:\/\/igbce-bielefeld.de\/index.php?rest_route=\/wp\/v2\/users\/5"}],"replies":[{"embeddable":true,"href":"https:\/\/igbce-bielefeld.de\/index.php?rest_route=%2Fwp%2Fv2%2Fcomments&post=1505"}],"version-history":[{"count":4,"href":"https:\/\/igbce-bielefeld.de\/index.php?rest_route=\/wp\/v2\/pages\/1505\/revisions"}],"predecessor-version":[{"id":1512,"href":"https:\/\/igbce-bielefeld.de\/index.php?rest_route=\/wp\/v2\/pages\/1505\/revisions\/1512"}],"wp:attachment":[{"href":"https:\/\/igbce-bielefeld.de\/index.php?rest_route=%2Fwp%2Fv2%2Fmedia&parent=1505"}],"curies":[{"name":"wp","href":"https:\/\/api.w.org\/{rel}","templated":true}]}}