{"id":1136,"date":"2024-05-05T07:05:42","date_gmt":"2024-05-05T08:05:42","guid":{"rendered":"https:\/\/igbce-bielefeld.de\/?page_id=1136"},"modified":"2024-05-11T15:12:26","modified_gmt":"2024-05-11T16:12:26","slug":"jubilarehrung-2023","status":"publish","type":"page","link":"https:\/\/igbce-bielefeld.de\/?page_id=1136","title":{"rendered":"Jubilarehrung 2023"},"content":{"rendered":"\t\t<div data-elementor-type=\"wp-page\" data-elementor-id=\"1136\" class=\"elementor elementor-1136\">\n\t\t\t\t\t\t<section class=\"elementor-section elementor-top-section elementor-element elementor-element-5fa4f04f elementor-section-boxed elementor-section-height-default elementor-section-height-default\" data-id=\"5fa4f04f\" data-element_type=\"section\" data-e-type=\"section\">\n\t\t\t\t\t\t<div class=\"elementor-container elementor-column-gap-default\">\n\t\t\t\t\t<div class=\"elementor-column elementor-col-100 elementor-top-column elementor-element elementor-element-5fe37894\" data-id=\"5fe37894\" data-element_type=\"column\" data-e-type=\"column\">\n\t\t\t<div class=\"elementor-widget-wrap elementor-element-populated\">\n\t\t\t\t\t\t<div class=\"elementor-element elementor-element-6db1165c elementor-widget elementor-widget-text-editor\" data-id=\"6db1165c\" data-element_type=\"widget\" data-e-type=\"widget\" data-widget_type=\"text-editor.default\">\n\t\t\t\t<div class=\"elementor-widget-container\">\n\t\t\t\t\t\t\t\t\t<p><img fetchpriority=\"high\" decoding=\"async\" class=\"aligncenter size-full wp-image-1072\" src=\"https:\/\/igbce-bielefeld.de\/wp-content\/uploads\/2024\/03\/20230922_204510-scaled-e1710934147250.jpg\" alt=\"\" width=\"2116\" height=\"810\" srcset=\"https:\/\/igbce-bielefeld.de\/wp-content\/uploads\/2024\/03\/20230922_204510-scaled-e1710934147250.jpg 2116w, https:\/\/igbce-bielefeld.de\/wp-content\/uploads\/2024\/03\/20230922_204510-scaled-e1710934147250-300x115.jpg 300w, https:\/\/igbce-bielefeld.de\/wp-content\/uploads\/2024\/03\/20230922_204510-scaled-e1710934147250-1024x392.jpg 1024w, https:\/\/igbce-bielefeld.de\/wp-content\/uploads\/2024\/03\/20230922_204510-scaled-e1710934147250-768x294.jpg 768w, https:\/\/igbce-bielefeld.de\/wp-content\/uploads\/2024\/03\/20230922_204510-scaled-e1710934147250-1536x588.jpg 1536w, https:\/\/igbce-bielefeld.de\/wp-content\/uploads\/2024\/03\/20230922_204510-scaled-e1710934147250-2048x784.jpg 2048w\" sizes=\"(max-width: 767px) 89vw, (max-width: 1000px) 54vw, (max-width: 1071px) 543px, 580px\" \/><\/p><p>Die Jubilarehrung 2023 hat bez\u00fcglich Programm und Ausstattung Ma\u00dfst\u00e4be gesetzt. Der Ringlockschuppen war der beeindruckende Veranstaltungsort mit oberklasse Buffet, hochwertiger Livemusik und Komedyeinlage, die sowohl bissig witzig, als auch nachdenklich konnte: &#8222;Ihr k\u00f6nnt ruhig ein bisschen Stolz sein auf eure IGBCE.&#8220; &#8211; So machen wir das!<\/p><p><img decoding=\"async\" class=\"aligncenter size-full wp-image-1075\" src=\"https:\/\/igbce-bielefeld.de\/wp-content\/uploads\/2024\/03\/20230922_155736-scaled-e1710934430250.jpg\" alt=\"\" width=\"2560\" height=\"857\" srcset=\"https:\/\/igbce-bielefeld.de\/wp-content\/uploads\/2024\/03\/20230922_155736-scaled-e1710934430250.jpg 2560w, https:\/\/igbce-bielefeld.de\/wp-content\/uploads\/2024\/03\/20230922_155736-scaled-e1710934430250-300x100.jpg 300w, https:\/\/igbce-bielefeld.de\/wp-content\/uploads\/2024\/03\/20230922_155736-scaled-e1710934430250-1024x343.jpg 1024w, https:\/\/igbce-bielefeld.de\/wp-content\/uploads\/2024\/03\/20230922_155736-scaled-e1710934430250-768x257.jpg 768w, https:\/\/igbce-bielefeld.de\/wp-content\/uploads\/2024\/03\/20230922_155736-scaled-e1710934430250-1536x514.jpg 1536w, https:\/\/igbce-bielefeld.de\/wp-content\/uploads\/2024\/03\/20230922_155736-scaled-e1710934430250-2048x686.jpg 2048w\" sizes=\"(max-width: 767px) 89vw, (max-width: 1000px) 54vw, (max-width: 1071px) 543px, 580px\" \/><\/p><p>\u00a0<\/p>\t\t\t\t\t\t\t\t<\/div>\n\t\t\t\t<\/div>\n\t\t\t\t\t<\/div>\n\t\t<\/div>\n\t\t\t\t\t<\/div>\n\t\t<\/section>\n\t\t\t\t<section class=\"elementor-section elementor-top-section elementor-element elementor-element-b30d400 elementor-section-boxed elementor-section-height-default elementor-section-height-default\" data-id=\"b30d400\" data-element_type=\"section\" data-e-type=\"section\">\n\t\t\t\t\t\t<div class=\"elementor-container elementor-column-gap-default\">\n\t\t\t\t\t<div class=\"elementor-column elementor-col-100 elementor-top-column elementor-element elementor-element-d50539d\" data-id=\"d50539d\" data-element_type=\"column\" data-e-type=\"column\">\n\t\t\t<div class=\"elementor-widget-wrap elementor-element-populated\">\n\t\t\t\t\t\t<div class=\"elementor-element elementor-element-6a8c5dc elementor-widget elementor-widget-image\" data-id=\"6a8c5dc\" data-element_type=\"widget\" data-e-type=\"widget\" data-widget_type=\"image.default\">\n\t\t\t\t<div class=\"elementor-widget-container\">\n\t\t\t\t\t\t\t\t\t\t\t\t\t\t\t<img decoding=\"async\" width=\"525\" height=\"207\" src=\"https:\/\/igbce-bielefeld.de\/wp-content\/uploads\/2024\/03\/20230922_174444-scaled-e1710934339813-1024x404.jpg\" class=\"attachment-large size-large wp-image-1074\" alt=\"\" srcset=\"https:\/\/igbce-bielefeld.de\/wp-content\/uploads\/2024\/03\/20230922_174444-scaled-e1710934339813-1024x404.jpg 1024w, https:\/\/igbce-bielefeld.de\/wp-content\/uploads\/2024\/03\/20230922_174444-scaled-e1710934339813-300x118.jpg 300w, https:\/\/igbce-bielefeld.de\/wp-content\/uploads\/2024\/03\/20230922_174444-scaled-e1710934339813-768x303.jpg 768w, https:\/\/igbce-bielefeld.de\/wp-content\/uploads\/2024\/03\/20230922_174444-scaled-e1710934339813-1536x606.jpg 1536w, https:\/\/igbce-bielefeld.de\/wp-content\/uploads\/2024\/03\/20230922_174444-scaled-e1710934339813-2048x808.jpg 2048w\" sizes=\"100vw\" \/>\t\t\t\t\t\t\t\t\t\t\t\t\t\t\t<\/div>\n\t\t\t\t<\/div>\n\t\t\t\t\t<\/div>\n\t\t<\/div>\n\t\t\t\t\t<\/div>\n\t\t<\/section>\n\t\t\t\t<section class=\"elementor-section elementor-top-section elementor-element elementor-element-9eb8df4 elementor-section-boxed elementor-section-height-default elementor-section-height-default\" data-id=\"9eb8df4\" data-element_type=\"section\" data-e-type=\"section\">\n\t\t\t\t\t\t<div class=\"elementor-container elementor-column-gap-default\">\n\t\t\t\t\t<div class=\"elementor-column elementor-col-100 elementor-top-column elementor-element elementor-element-d5dbbc6\" data-id=\"d5dbbc6\" data-element_type=\"column\" data-e-type=\"column\">\n\t\t\t<div class=\"elementor-widget-wrap elementor-element-populated\">\n\t\t\t\t\t\t<div class=\"elementor-element elementor-element-85b0e8b elementor-widget elementor-widget-image\" data-id=\"85b0e8b\" data-element_type=\"widget\" data-e-type=\"widget\" data-widget_type=\"image.default\">\n\t\t\t\t<div class=\"elementor-widget-container\">\n\t\t\t\t\t\t\t\t\t\t\t\t\t\t\t<img loading=\"lazy\" decoding=\"async\" width=\"525\" height=\"176\" src=\"https:\/\/igbce-bielefeld.de\/wp-content\/uploads\/2024\/03\/20230922_192250-scaled-e1710934263125-1024x343.jpg\" class=\"attachment-large size-large wp-image-1073\" alt=\"\" srcset=\"https:\/\/igbce-bielefeld.de\/wp-content\/uploads\/2024\/03\/20230922_192250-scaled-e1710934263125-1024x343.jpg 1024w, https:\/\/igbce-bielefeld.de\/wp-content\/uploads\/2024\/03\/20230922_192250-scaled-e1710934263125-300x100.jpg 300w, https:\/\/igbce-bielefeld.de\/wp-content\/uploads\/2024\/03\/20230922_192250-scaled-e1710934263125-768x257.jpg 768w, https:\/\/igbce-bielefeld.de\/wp-content\/uploads\/2024\/03\/20230922_192250-scaled-e1710934263125-1536x514.jpg 1536w, https:\/\/igbce-bielefeld.de\/wp-content\/uploads\/2024\/03\/20230922_192250-scaled-e1710934263125-2048x685.jpg 2048w\" sizes=\"100vw\" \/>\t\t\t\t\t\t\t\t\t\t\t\t\t\t\t<\/div>\n\t\t\t\t<\/div>\n\t\t\t\t\t<\/div>\n\t\t<\/div>\n\t\t\t\t\t<\/div>\n\t\t<\/section>\n\t\t\t\t<\/div>\n\t\t","protected":false},"excerpt":{"rendered":"<p>Die Jubilarehrung 2023 hat bez\u00fcglich Programm und Ausstattung Ma\u00dfst\u00e4be gesetzt. Der Ringlockschuppen war der beeindruckende Veranstaltungsort mit oberklasse Buffet, hochwertiger Livemusik und Komedyeinlage, die sowohl bissig witzig, als auch nachdenklich &hellip; <\/p>\n<p class=\"link-more\"><a href=\"https:\/\/igbce-bielefeld.de\/?page_id=1136\" class=\"more-link\"><span class=\"screen-reader-text\">\u201eJubilarehrung 2023\u201c<\/span> weiterlesen<\/a><\/p>\n","protected":false},"author":3,"featured_media":0,"parent":0,"menu_order":0,"comment_status":"closed","ping_status":"closed","template":"","meta":{"footnotes":""},"class_list":["post-1136","page","type-page","status-publish","hentry"],"_links":{"self":[{"href":"https:\/\/igbce-bielefeld.de\/index.php?rest_route=\/wp\/v2\/pages\/1136","targetHints":{"allow":["GET"]}}],"collection":[{"href":"https:\/\/igbce-bielefeld.de\/index.php?rest_route=\/wp\/v2\/pages"}],"about":[{"href":"https:\/\/igbce-bielefeld.de\/index.php?rest_route=\/wp\/v2\/types\/page"}],"author":[{"embeddable":true,"href":"https:\/\/igbce-bielefeld.de\/index.php?rest_route=\/wp\/v2\/users\/3"}],"replies":[{"embeddable":true,"href":"https:\/\/igbce-bielefeld.de\/index.php?rest_route=%2Fwp%2Fv2%2Fcomments&post=1136"}],"version-history":[{"count":7,"href":"https:\/\/igbce-bielefeld.de\/index.php?rest_route=\/wp\/v2\/pages\/1136\/revisions"}],"predecessor-version":[{"id":1172,"href":"https:\/\/igbce-bielefeld.de\/index.php?rest_route=\/wp\/v2\/pages\/1136\/revisions\/1172"}],"wp:attachment":[{"href":"https:\/\/igbce-bielefeld.de\/index.php?rest_route=%2Fwp%2Fv2%2Fmedia&parent=1136"}],"curies":[{"name":"wp","href":"https:\/\/api.w.org\/{rel}","templated":true}]}}